{"id":639,"date":"2020-07-14T11:34:05","date_gmt":"2020-07-14T09:34:05","guid":{"rendered":"https:\/\/vokalverschnitt.at\/?page_id=639"},"modified":"2020-07-14T14:25:58","modified_gmt":"2020-07-14T12:25:58","slug":"repertoire","status":"publish","type":"page","link":"https:\/\/vokalverschnitt.at\/?page_id=639","title":{"rendered":"Repertoire"},"content":{"rendered":"\n\n<table id=\"tablepress-11\" class=\"tablepress tablepress-id-11\">\n<thead>\n<tr class=\"row-1\">\n\t<th class=\"column-1\">Nr<\/th><th class=\"column-2\">Titel<\/th><th class=\"column-3\">Kategorien<\/th>\n<\/tr>\n<\/thead>\n<tbody class=\"row-striping row-hover\">\n<tr class=\"row-2\">\n\t<td class=\"column-1\">1<\/td><td class=\"column-2\">A guater Tropfen so dreimal t\u00e4glich<\/td><td class=\"column-3\">Wien, Wein<\/td>\n<\/tr>\n<tr class=\"row-3\">\n\t<td class=\"column-1\">2<\/td><td class=\"column-2\">A holly, jolly christmas<\/td><td class=\"column-3\">Weihnacht, Englisch<\/td>\n<\/tr>\n<tr class=\"row-4\">\n\t<td class=\"column-1\">3<\/td><td class=\"column-2\">Ach, mein Seel, fang an zu singen<\/td><td class=\"column-3\">Weihnacht<\/td>\n<\/tr>\n<tr class=\"row-5\">\n\t<td class=\"column-1\">4<\/td><td class=\"column-2\">Advent ist ein Leuchten<\/td><td class=\"column-3\">Weihnacht<\/td>\n<\/tr>\n<tr class=\"row-6\">\n\t<td class=\"column-1\">5<\/td><td class=\"column-2\">All about that bass<\/td><td class=\"column-3\">Pop, Englisch<\/td>\n<\/tr>\n<tr class=\"row-7\">\n\t<td class=\"column-1\">6<\/td><td class=\"column-2\">All of me<\/td><td class=\"column-3\">Love, Englisch<\/td>\n<\/tr>\n<tr class=\"row-8\">\n\t<td class=\"column-1\">7<\/td><td class=\"column-2\">Andachtsjodler<\/td><td class=\"column-3\">Weihnacht<\/td>\n<\/tr>\n<tr class=\"row-9\">\n\t<td class=\"column-1\">8<\/td><td class=\"column-2\">Angels we have heard on high<\/td><td class=\"column-3\">Weihnacht, Englisch<\/td>\n<\/tr>\n<tr class=\"row-10\">\n\t<td class=\"column-1\">9<\/td><td class=\"column-2\">Beim Wachauerwein<\/td><td class=\"column-3\">Wein<\/td>\n<\/tr>\n<tr class=\"row-11\">\n\t<td class=\"column-1\">10<\/td><td class=\"column-2\">Bist du nit bei mir<\/td><td class=\"column-3\">Volkslied<\/td>\n<\/tr>\n<tr class=\"row-12\">\n\t<td class=\"column-1\">11<\/td><td class=\"column-2\">Can't help falling in love<\/td><td class=\"column-3\">Love, Englisch<\/td>\n<\/tr>\n<tr class=\"row-13\">\n\t<td class=\"column-1\">12<\/td><td class=\"column-2\">Come again<\/td><td class=\"column-3\">Klassisch, Englisch<\/td>\n<\/tr>\n<tr class=\"row-14\">\n\t<td class=\"column-1\">13<\/td><td class=\"column-2\">Das J\u00e5hrl w\u00e5r pr\u00e4chtig<\/td><td class=\"column-3\">Wein<\/td>\n<\/tr>\n<tr class=\"row-15\">\n\t<td class=\"column-1\">14<\/td><td class=\"column-2\">Das Leben wischt dir den Arsch nicht ab<\/td><td class=\"column-3\">Pop<\/td>\n<\/tr>\n<tr class=\"row-16\">\n\t<td class=\"column-1\">15<\/td><td class=\"column-2\">Deck the Hall<\/td><td class=\"column-3\">Weihnacht, Englisch<\/td>\n<\/tr>\n<tr class=\"row-17\">\n\t<td class=\"column-1\">16<\/td><td class=\"column-2\">Drei sch\u00f6ne Dinge fein<\/td><td class=\"column-3\">Klassisch<\/td>\n<\/tr>\n<tr class=\"row-18\">\n\t<td class=\"column-1\">17<\/td><td class=\"column-2\">Drink to me only<\/td><td class=\"column-3\">Klassisch, Wein<\/td>\n<\/tr>\n<tr class=\"row-19\">\n\t<td class=\"column-1\">18<\/td><td class=\"column-2\">Ein Freund, ein guter Freund<\/td><td class=\"column-3\">Schlager<\/td>\n<\/tr>\n<tr class=\"row-20\">\n\t<td class=\"column-1\">19<\/td><td class=\"column-2\">Ein Glaserl Riesling<\/td><td class=\"column-3\">Wein<\/td>\n<\/tr>\n<tr class=\"row-21\">\n\t<td class=\"column-1\">20<\/td><td class=\"column-2\">Einer hat immer das Bummerl<\/td><td class=\"column-3\">Wien<\/td>\n<\/tr>\n<tr class=\"row-22\">\n\t<td class=\"column-1\">21<\/td><td class=\"column-2\">Es wird scho glei dumper<\/td><td class=\"column-3\">Weihnacht<\/td>\n<\/tr>\n<tr class=\"row-23\">\n\t<td class=\"column-1\">22<\/td><td class=\"column-2\">Fein sein<\/td><td class=\"column-3\">Volkslied<\/td>\n<\/tr>\n<tr class=\"row-24\">\n\t<td class=\"column-1\">23<\/td><td class=\"column-2\">F\u00fcllt mit Schalle<\/td><td class=\"column-3\">Klassisch<\/td>\n<\/tr>\n<tr class=\"row-25\">\n\t<td class=\"column-1\">24<\/td><td class=\"column-2\">Gaudeamus igitur<\/td><td class=\"column-3\">Klassisch<\/td>\n<\/tr>\n<tr class=\"row-26\">\n\t<td class=\"column-1\">25<\/td><td class=\"column-2\">Geh mit mir<\/td><td class=\"column-3\">Love<\/td>\n<\/tr>\n<tr class=\"row-27\">\n\t<td class=\"column-1\">26<\/td><td class=\"column-2\">Glorious Kingdom<\/td><td class=\"column-3\">Weihnacht, Englisch<\/td>\n<\/tr>\n<tr class=\"row-28\">\n\t<td class=\"column-1\">27<\/td><td class=\"column-2\">God rest ye merry, gentlemen<\/td><td class=\"column-3\">Weihnacht, Englisch<\/td>\n<\/tr>\n<tr class=\"row-29\">\n\t<td class=\"column-1\">28<\/td><td class=\"column-2\">Good old acappella<\/td><td class=\"column-3\">Englisch<\/td>\n<\/tr>\n<tr class=\"row-30\">\n\t<td class=\"column-1\">29<\/td><td class=\"column-2\">Goodnight, well it's time to go<\/td><td class=\"column-3\">Englisch<\/td>\n<\/tr>\n<tr class=\"row-31\">\n\t<td class=\"column-1\">30<\/td><td class=\"column-2\">Gott segne den edlen Weinbau<\/td><td class=\"column-3\">Wein<\/td>\n<\/tr>\n<tr class=\"row-32\">\n\t<td class=\"column-1\">31<\/td><td class=\"column-2\">Hallelujah<\/td><td class=\"column-3\">Love, Englisch<\/td>\n<\/tr>\n<tr class=\"row-33\">\n\t<td class=\"column-1\">32<\/td><td class=\"column-2\">Hark! The herald angels sing<\/td><td class=\"column-3\">Weihnacht, Englisch<\/td>\n<\/tr>\n<tr class=\"row-34\">\n\t<td class=\"column-1\">33<\/td><td class=\"column-2\">Heast as net<\/td><td class=\"column-3\">Volkslied<\/td>\n<\/tr>\n<tr class=\"row-35\">\n\t<td class=\"column-1\">34<\/td><td class=\"column-2\">I mog ka Wossa nid<\/td><td class=\"column-3\">Wein<\/td>\n<\/tr>\n<tr class=\"row-36\">\n\t<td class=\"column-1\">35<\/td><td class=\"column-2\">Ich wollt' ich w\u00e4r' ein Huhn<\/td><td class=\"column-3\">Schlager<\/td>\n<\/tr>\n<tr class=\"row-37\">\n\t<td class=\"column-1\">36<\/td><td class=\"column-2\">In the bleak midwinter<\/td><td class=\"column-3\">Weihnacht, Englisch<\/td>\n<\/tr>\n<tr class=\"row-38\">\n\t<td class=\"column-1\">37<\/td><td class=\"column-2\">Is wo a Landl<\/td><td class=\"column-3\">Volkslied<\/td>\n<\/tr>\n<tr class=\"row-39\">\n\t<td class=\"column-1\">38<\/td><td class=\"column-2\">Isn't she lovely<\/td><td class=\"column-3\">Englisch<\/td>\n<\/tr>\n<tr class=\"row-40\">\n\t<td class=\"column-1\">39<\/td><td class=\"column-2\">It came upon the midnight clear<\/td><td class=\"column-3\">Weihnacht, Englisch<\/td>\n<\/tr>\n<tr class=\"row-41\">\n\t<td class=\"column-1\">40<\/td><td class=\"column-2\">Java jive<\/td><td class=\"column-3\">Englisch<\/td>\n<\/tr>\n<tr class=\"row-42\">\n\t<td class=\"column-1\">41<\/td><td class=\"column-2\">Joy to the world<\/td><td class=\"column-3\">Weihnacht, Englisch<\/td>\n<\/tr>\n<tr class=\"row-43\">\n\t<td class=\"column-1\">42<\/td><td class=\"column-2\">Kann denn Liebe S\u00fcnde sein?<\/td><td class=\"column-3\">Schlager<\/td>\n<\/tr>\n<tr class=\"row-44\">\n\t<td class=\"column-1\">43<\/td><td class=\"column-2\">Komm mit mir in die gr\u00fcne Wachau<\/td><td class=\"column-3\">Wein<\/td>\n<\/tr>\n<tr class=\"row-45\">\n\t<td class=\"column-1\">44<\/td><td class=\"column-2\">Komm mit, mein Schatz<\/td><td class=\"column-3\">Wein<\/td>\n<\/tr>\n<tr class=\"row-46\">\n\t<td class=\"column-1\">45<\/td><td class=\"column-2\">Krems, du liebe sch\u00f6ne Stadt<\/td><td class=\"column-3\">Wein<\/td>\n<\/tr>\n<tr class=\"row-47\">\n\t<td class=\"column-1\">46<\/td><td class=\"column-2\">Kuscheln, Sex und H\u00e4ndchenhalten<\/td><td class=\"column-3\">Pop<\/td>\n<\/tr>\n<tr class=\"row-48\">\n\t<td class=\"column-1\">47<\/td><td class=\"column-2\">Longest time<\/td><td class=\"column-3\">Englisch<\/td>\n<\/tr>\n<tr class=\"row-49\">\n\t<td class=\"column-1\">48<\/td><td class=\"column-2\">Mah-na-mah-na<\/td><td class=\"column-3\"><\/td>\n<\/tr>\n<tr class=\"row-50\">\n\t<td class=\"column-1\">49<\/td><td class=\"column-2\">Mariandl<\/td><td class=\"column-3\">Schlager<\/td>\n<\/tr>\n<tr class=\"row-51\">\n\t<td class=\"column-1\">50<\/td><td class=\"column-2\">Mein Donautal<\/td><td class=\"column-3\">Wein<\/td>\n<\/tr>\n<tr class=\"row-52\">\n\t<td class=\"column-1\">51<\/td><td class=\"column-2\">Mein kleiner gr\u00fcner Kaktus<\/td><td class=\"column-3\">Schlager<\/td>\n<\/tr>\n<tr class=\"row-53\">\n\t<td class=\"column-1\">52<\/td><td class=\"column-2\">Mit Lieb bin ich umfangen<\/td><td class=\"column-3\">Klassisch<\/td>\n<\/tr>\n<tr class=\"row-54\">\n\t<td class=\"column-1\">53<\/td><td class=\"column-2\">Money, money, money<\/td><td class=\"column-3\">Englisch<\/td>\n<\/tr>\n<tr class=\"row-55\">\n\t<td class=\"column-1\">54<\/td><td class=\"column-2\">Now let us sing<\/td><td class=\"column-3\">Englisch<\/td>\n<\/tr>\n<tr class=\"row-56\">\n\t<td class=\"column-1\">55<\/td><td class=\"column-2\">O little town of Bethlehem<\/td><td class=\"column-3\">Weihnacht, Englisch<\/td>\n<\/tr>\n<tr class=\"row-57\">\n\t<td class=\"column-1\">56<\/td><td class=\"column-2\">O Weinl, rinn in mi<\/td><td class=\"column-3\">Wein<\/td>\n<\/tr>\n<tr class=\"row-58\">\n\t<td class=\"column-1\">57<\/td><td class=\"column-2\">Parting glass<\/td><td class=\"column-3\">Klassisch, Wein<\/td>\n<\/tr>\n<tr class=\"row-59\">\n\t<td class=\"column-1\">58<\/td><td class=\"column-2\">Probier's mal mit Gem\u00fctlichkeit<\/td><td class=\"column-3\">Schlager<\/td>\n<\/tr>\n<tr class=\"row-60\">\n\t<td class=\"column-1\">59<\/td><td class=\"column-2\">Rudolph, the red-nosed reindeer<\/td><td class=\"column-3\">Weihnacht, Englisch<\/td>\n<\/tr>\n<tr class=\"row-61\">\n\t<td class=\"column-1\">60<\/td><td class=\"column-2\">Santa Claus is coming<\/td><td class=\"column-3\">Weihnacht, Englisch<\/td>\n<\/tr>\n<tr class=\"row-62\">\n\t<td class=\"column-1\">61<\/td><td class=\"column-2\">Scheiberlb\u00e5cha<\/td><td class=\"column-3\">Weihnacht<\/td>\n<\/tr>\n<tr class=\"row-63\">\n\t<td class=\"column-1\">62<\/td><td class=\"column-2\">Schinkenfleckerln<\/td><td class=\"column-3\">Wien<\/td>\n<\/tr>\n<tr class=\"row-64\">\n\t<td class=\"column-1\">63<\/td><td class=\"column-2\">Star of the east<\/td><td class=\"column-3\">Weihnacht, Englisch<\/td>\n<\/tr>\n<tr class=\"row-65\">\n\t<td class=\"column-1\">64<\/td><td class=\"column-2\">Still, weil's Kindlein schlafen will<\/td><td class=\"column-3\">Weihnacht<\/td>\n<\/tr>\n<tr class=\"row-66\">\n\t<td class=\"column-1\">65<\/td><td class=\"column-2\">Super trouper<\/td><td class=\"column-3\">Englisch<\/td>\n<\/tr>\n<tr class=\"row-67\">\n\t<td class=\"column-1\">66<\/td><td class=\"column-2\">S\u00fc\u00dfer die Glocken nie klingen<\/td><td class=\"column-3\">Weihnacht<\/td>\n<\/tr>\n<tr class=\"row-68\">\n\t<td class=\"column-1\">67<\/td><td class=\"column-2\">The book of love<\/td><td class=\"column-3\">Love<\/td>\n<\/tr>\n<tr class=\"row-69\">\n\t<td class=\"column-1\">68<\/td><td class=\"column-2\">The first nowell<\/td><td class=\"column-3\">Weihnacht, Englisch<\/td>\n<\/tr>\n<tr class=\"row-70\">\n\t<td class=\"column-1\">69<\/td><td class=\"column-2\">The rose<\/td><td class=\"column-3\">Love<\/td>\n<\/tr>\n<tr class=\"row-71\">\n\t<td class=\"column-1\">70<\/td><td class=\"column-2\">Veronika, der Lenz ist da<\/td><td class=\"column-3\">Schlager<\/td>\n<\/tr>\n<tr class=\"row-72\">\n\t<td class=\"column-1\">71<\/td><td class=\"column-2\">Vinum schenk ein<\/td><td class=\"column-3\">Klassisch, Wein<\/td>\n<\/tr>\n<tr class=\"row-73\">\n\t<td class=\"column-1\">72<\/td><td class=\"column-2\">Wachauer Hauerlied<\/td><td class=\"column-3\">Wein<\/td>\n<\/tr>\n<tr class=\"row-74\">\n\t<td class=\"column-1\">73<\/td><td class=\"column-2\">Wachauer Schifferlied<\/td><td class=\"column-3\">Volkslied<\/td>\n<\/tr>\n<tr class=\"row-75\">\n\t<td class=\"column-1\">74<\/td><td class=\"column-2\">Wearst mei Licht ume sein<\/td><td class=\"column-3\">Weihnacht<\/td>\n<\/tr>\n<tr class=\"row-76\">\n\t<td class=\"column-1\">75<\/td><td class=\"column-2\">Weihnocht<\/td><td class=\"column-3\">Weihnacht<\/td>\n<\/tr>\n<tr class=\"row-77\">\n\t<td class=\"column-1\">76<\/td><td class=\"column-2\">Wenn ich mit meinem Dackel<\/td><td class=\"column-3\">Wien<\/td>\n<\/tr>\n<tr class=\"row-78\">\n\t<td class=\"column-1\">77<\/td><td class=\"column-2\">Werst mei Licht ume sein<\/td><td class=\"column-3\">Weihnacht<\/td>\n<\/tr>\n<tr class=\"row-79\">\n\t<td class=\"column-1\">78<\/td><td class=\"column-2\">White Christmas<\/td><td class=\"column-3\">Weihnacht, Englisch<\/td>\n<\/tr>\n<tr class=\"row-80\">\n\t<td class=\"column-1\">79<\/td><td class=\"column-2\">Winter wonderland<\/td><td class=\"column-3\">Weihnacht, Englisch<\/td>\n<\/tr>\n<tr class=\"row-81\">\n\t<td class=\"column-1\">80<\/td><td class=\"column-2\">Wir wandern hinaus in die weite Wachau<\/td><td class=\"column-3\">Wein<\/td>\n<\/tr>\n<tr class=\"row-82\">\n\t<td class=\"column-1\">81<\/td><td class=\"column-2\">You light up my life<\/td><td class=\"column-3\">Love<\/td>\n<\/tr>\n<tr class=\"row-83\">\n\t<td class=\"column-1\">82<\/td><td class=\"column-2\">You've got a friend in me<\/td><td class=\"column-3\">Englisch<\/td>\n<\/tr>\n<tr class=\"row-84\">\n\t<td class=\"column-1\">83<\/td><td class=\"column-2\">Zottelmarsch<\/td><td class=\"column-3\">Volkslied<\/td>\n<\/tr>\n<\/tbody>\n<\/table>\n<!-- #tablepress-11 from cache -->\n","protected":false},"excerpt":{"rendered":"","protected":false},"author":2,"featured_media":0,"parent":0,"menu_order":0,"comment_status":"closed","ping_status":"closed","template":"","meta":{"footnotes":""},"class_list":["post-639","page","type-page","status-publish","hentry"],"_links":{"self":[{"href":"https:\/\/vokalverschnitt.at\/index.php?rest_route=\/wp\/v2\/pages\/639","targetHints":{"allow":["GET"]}}],"collection":[{"href":"https:\/\/vokalverschnitt.at\/index.php?rest_route=\/wp\/v2\/pages"}],"about":[{"href":"https:\/\/vokalverschnitt.at\/index.php?rest_route=\/wp\/v2\/types\/page"}],"author":[{"embeddable":true,"href":"https:\/\/vokalverschnitt.at\/index.php?rest_route=\/wp\/v2\/users\/2"}],"replies":[{"embeddable":true,"href":"https:\/\/vokalverschnitt.at\/index.php?rest_route=%2Fwp%2Fv2%2Fcomments&post=639"}],"version-history":[{"count":5,"href":"https:\/\/vokalverschnitt.at\/index.php?rest_route=\/wp\/v2\/pages\/639\/revisions"}],"predecessor-version":[{"id":717,"href":"https:\/\/vokalverschnitt.at\/index.php?rest_route=\/wp\/v2\/pages\/639\/revisions\/717"}],"wp:attachment":[{"href":"https:\/\/vokalverschnitt.at\/index.php?rest_route=%2Fwp%2Fv2%2Fmedia&parent=639"}],"curies":[{"name":"wp","href":"https:\/\/api.w.org\/{rel}","templated":true}]}}